{"id":6224,"date":"2024-02-21T04:46:33","date_gmt":"2024-02-21T04:46:33","guid":{"rendered":"https:\/\/oliverruiz.com.mx\/?page_id=6224"},"modified":"2024-09-13T20:21:49","modified_gmt":"2024-09-13T20:21:49","slug":"beneficios-especiales-para-patrocinadores-y-aliados-comerciales-en-magnas-presentaciones-expresate-sin-miedo-atizapan-2024","status":"publish","type":"page","link":"https:\/\/oliverruiz.com.mx\/index.php\/beneficios-especiales-para-patrocinadores-y-aliados-comerciales-en-magnas-presentaciones-expresate-sin-miedo-atizapan-2024\/","title":{"rendered":"Beneficios Especiales Para Patrocinadores Y Aliados Comerciales En Magnas Presentaciones Expr\u00e9sate Sin Miedo Atizap\u00e1n 2024"},"content":{"rendered":"<div class=\"wp-block-image\">\n<figure class=\"aligncenter size-large is-resized\"><a href=\"https:\/\/oliverruiz.com.mx\/index.php\/oliver-ruiz-expresate-sin-miedo-atizapan-de-zaragoza\/\" target=\"_blank\" rel=\"noreferrer noopener\"><img loading=\"lazy\" decoding=\"async\" width=\"648\" height=\"1024\" src=\"https:\/\/oliverruiz.com.mx\/wp-content\/uploads\/2024\/07\/Oliver-Ruia-Publicidad-Oficial-Magnas-Presentaciones-Atizapan-Expresate-Sin-Miedo-2024-11-648x1024.jpg\" alt=\"\" class=\"wp-image-8886\" style=\"width:858px;height:auto\" srcset=\"https:\/\/oliverruiz.com.mx\/wp-content\/uploads\/2024\/07\/Oliver-Ruia-Publicidad-Oficial-Magnas-Presentaciones-Atizapan-Expresate-Sin-Miedo-2024-11-648x1024.jpg 648w, https:\/\/oliverruiz.com.mx\/wp-content\/uploads\/2024\/07\/Oliver-Ruia-Publicidad-Oficial-Magnas-Presentaciones-Atizapan-Expresate-Sin-Miedo-2024-11-190x300.jpg 190w, https:\/\/oliverruiz.com.mx\/wp-content\/uploads\/2024\/07\/Oliver-Ruia-Publicidad-Oficial-Magnas-Presentaciones-Atizapan-Expresate-Sin-Miedo-2024-11-768x1214.jpg 768w, https:\/\/oliverruiz.com.mx\/wp-content\/uploads\/2024\/07\/Oliver-Ruia-Publicidad-Oficial-Magnas-Presentaciones-Atizapan-Expresate-Sin-Miedo-2024-11.jpg 959w\" sizes=\"auto, (max-width: 648px) 100vw, 648px\" \/><\/a><\/figure>\n<\/div>\n\n\n<figure class=\"wp-block-embed is-type-video is-provider-youtube wp-block-embed-youtube wp-embed-aspect-16-9 wp-has-aspect-ratio\"><div class=\"wp-block-embed__wrapper\">\n<iframe loading=\"lazy\" title=\"Oliver Ruiz Invitaci\u00f3n Especial a Patrocinadores Magnas Presentaciones Expresate Sin Miedo.\" width=\"920\" height=\"518\" src=\"https:\/\/www.youtube.com\/embed\/aLguGz8KAi8?feature=oembed\" frameborder=\"0\" allow=\"accelerometer; autoplay; clipboard-write; encrypted-media; gyroscope; picture-in-picture; web-share\" referrerpolicy=\"strict-origin-when-cross-origin\" allowfullscreen><\/iframe>\n<\/div><\/figure>\n\n\n\n<h2 class=\"wp-block-heading has-text-align-center\"><strong>Muchas Gracias por ser Parte y Apoyar estas Magnas Presentaciones con Causa y  de Car\u00e1cter No Lucrativo a Favor de la Sociedad.<\/strong> <\/h2>\n\n\n\n<h5 class=\"wp-block-heading has-text-align-center\"><strong>En Agradecimiento a su Apoyo y Ayuda su Marca Obtiene los Siguientes Beneficios:<\/strong><\/h5>\n\n\n\n<p>1-Presencia de marca en toda la publicidad impresa y en las <strong>6 presentaciones<\/strong> magnas especiales para impactar a una audiencia aproximada de <strong>6,000 Asistentes<\/strong> en tan solo <strong>3 d\u00edas.<\/strong><\/p>\n\n\n\n<p>2-Presencia de su marca en el v\u00ednculo de informaci\u00f3n detallada del evento en la secci\u00f3n de patrocinadores Oficiales. <\/p>\n\n\n\n<div class=\"wp-block-buttons is-content-justification-center is-layout-flex wp-container-core-buttons-is-layout-16018d1d wp-block-buttons-is-layout-flex\">\n<div class=\"wp-block-button\"><a class=\"wp-block-button__link has-text-align-center wp-element-button\" href=\"https:\/\/oliverruiz.com.mx\/index.php\/oliver-ruiz-expresate-sin-miedo-atizapan-de-zaragoza\/\" target=\"_blank\" rel=\"noreferrer noopener\"><strong>Oliver Ruiz EXPR\u00c9SATE SIN MIEDO ATIZAP\u00c1N DE ZARAGOZA.<\/strong><\/a><\/div>\n<\/div>\n\n\n\n<p>3-Podr\u00e1 Prospectar, repartir su publicidad, flayers, postales, y Vender durante las presentaciones.<\/p>\n\n\n\n<p>4-Puede colocar sus Stand, mesas, banners y lonas.<\/p>\n\n\n\n<p>5-Participaci\u00f3n especial en el escenario al momento de la entrega de placas, reconocimientos y constancias.<\/p>\n\n\n\n<p>6-Presencia de marca en escenario y en las Pantallas del mismo.<\/p>\n\n\n\n<p>7-Presencia y menciones especiales de su marca durante las presentaciones.<\/p>\n\n\n\n<p>8-Participaci\u00f3n y Menci\u00f3n Especial con din\u00e1mica en el escenario y reportaje en mi portal de noticias internacionales, etc.<\/p>\n\n\n\n<p>9-Vinculaciones estrat\u00e9gicas para ayudar a la promoci\u00f3n, posicionamiento e incremento de ventas para su marca.<\/p>\n\n\n\n<p>10-Reproducci\u00f3n de spot y video de su marca para aperturar evento y al presentar una de las reflexiones del \u00c1lbum Expresate sin miedo.<\/p>\n\n\n\n<p>11-Presencia de su marca en las pantalles.<\/p>\n\n\n\n<p>12- Espacio para participaci\u00f3n de activaci\u00f3n de su marca durante las presentaciones para interactuar con la audiencia.<\/p>\n\n\n\n<p>13-Presencia de marca en videos y fotos conmemorativas de lo mejor del evento.<\/p>\n\n\n\n<p>14-Presencia de marca y menci\u00f3n especial en redes sociales, plataformas digitales con proyecci\u00f3n a nivel internacional.<\/p>\n\n\n\n<p>15-Menci\u00f3n de su marca en spots, comerciales, videos, redes sociales y plataformas digitales de Prestigio.<\/p>\n\n\n\n<p>16- Impactar como socialmente responsable.<\/p>\n\n\n\n<p>17- Presencia de marca en pelotas que se utilizaran para convivir con el p\u00fablico durante las presentaciones.<\/p>\n\n\n\n<p>18-Presencia de marca en Video Clip Oficial Conmemorativo.<\/p>\n\n\n\n<p>19. Presencia de Marca en el Video Clip Oficial de la Canci\u00f3n les Duele.<\/p>\n\n\n\n<p>20- Presencia de marca en plataformas Digitales de Prestigio con v\u00ednculo en la descripci\u00f3n que enlaza a sus redes sociales, contacto, etc.<\/p>\n\n\n\n<p>21- Tour de promoci\u00f3n, Difusi\u00f3n y Presencia de su Marca previo a las presentaciones por todo el municipio de Atizap\u00e1n y sus alrededores.<\/p>\n\n\n\n<p>22.<strong><strong>&#8211; (3) Pelotas Tipo Playa promocionales<\/strong> para interactuar con el p\u00fablico con presencia de su Marca.<\/strong><\/p>\n\n\n\n<figure class=\"wp-block-image size-large\"><img loading=\"lazy\" decoding=\"async\" width=\"1024\" height=\"768\" src=\"https:\/\/oliverruiz.com.mx\/wp-content\/uploads\/2024\/04\/LEY-AUT-EXPOSITOR-TEATRO-ZARAGOZA-1024x768.jpg\" alt=\"\" class=\"wp-image-6969\" srcset=\"https:\/\/oliverruiz.com.mx\/wp-content\/uploads\/2024\/04\/LEY-AUT-EXPOSITOR-TEATRO-ZARAGOZA-1024x768.jpg 1024w, https:\/\/oliverruiz.com.mx\/wp-content\/uploads\/2024\/04\/LEY-AUT-EXPOSITOR-TEATRO-ZARAGOZA-300x225.jpg 300w, https:\/\/oliverruiz.com.mx\/wp-content\/uploads\/2024\/04\/LEY-AUT-EXPOSITOR-TEATRO-ZARAGOZA-768x576.jpg 768w, https:\/\/oliverruiz.com.mx\/wp-content\/uploads\/2024\/04\/LEY-AUT-EXPOSITOR-TEATRO-ZARAGOZA-124x93.jpg 124w, https:\/\/oliverruiz.com.mx\/wp-content\/uploads\/2024\/04\/LEY-AUT-EXPOSITOR-TEATRO-ZARAGOZA.jpg 1279w\" sizes=\"auto, (max-width: 1024px) 100vw, 1024px\" \/><\/figure>\n\n\n\n<figure class=\"wp-block-embed is-type-video is-provider-youtube wp-block-embed-youtube wp-embed-aspect-16-9 wp-has-aspect-ratio\"><div class=\"wp-block-embed__wrapper\">\n<iframe loading=\"lazy\" title=\"Teatro Zaragoza Atizap\u00e1n de Zaragoza Estado de M\u00e9xico\" width=\"920\" height=\"518\" src=\"https:\/\/www.youtube.com\/embed\/NlWt9_-Y9-A?start=8&#038;feature=oembed\" frameborder=\"0\" allow=\"accelerometer; autoplay; clipboard-write; encrypted-media; gyroscope; picture-in-picture; web-share\" referrerpolicy=\"strict-origin-when-cross-origin\" allowfullscreen><\/iframe>\n<\/div><\/figure>\n\n\n\n<h4 class=\"wp-block-heading has-text-align-center\"><strong>Pronto M\u00e1s Beneficios Especiales&#8230;..<\/strong><\/h4>\n\n\n\n<h2 class=\"wp-block-heading has-text-align-center\"><em>MUY IMPORTANTE:<\/em><\/h2>\n\n\n\n<h5 class=\"wp-block-heading has-text-align-center\"><strong>Con su Destacada Ayuda e importante Participaci\u00f3n ser\u00e1 Posible cubrir las siguientes Necesidades, Gastos y Requerimientos:<\/strong><\/h5>\n\n\n\n<p>1<strong>-Impresi\u00f3n de Placas para Reconocer a Personalidades.<\/strong><\/p>\n\n\n\n<p>2-Impresi\u00f3n de Postales conmemorativas 6 mil.<\/p>\n\n\n\n<p>3-Impresi\u00f3n de 6 mil Constancias.<\/p>\n\n\n\n<p>4<strong>-Gafetes.<\/strong> (100) por presentaci\u00f3n =<strong> 600.<\/strong><\/p>\n\n\n\n<p>5<strong>-Staff de Apoyo.<\/strong><\/p>\n\n\n\n<p><strong>6-3 Pantallas de Led y staff de montaje.<\/strong><\/p>\n\n\n\n<p><strong>7-4 Mesas <\/strong><\/p>\n\n\n\n<p>8<strong>&#8211; (3) Pelotas promocionales<\/strong> para interactuar con el p\u00fablico-<\/p>\n\n\n\n<p>10<strong>-Insumos de limpieza para donar al Teatro Zaragoza.<\/strong><\/p>\n\n\n\n<p>11<strong>-Salita Lounge para escenario.<\/strong><\/p>\n\n\n\n<p>12<strong>-Camarografos.<\/strong> (3)<\/p>\n\n\n\n<p>13<strong>-Catering para participantes como cantantes, invitados especiales y Medios de Comunicaci\u00f3n.<\/strong><\/p>\n\n\n\n<p>14<strong>-Viaticos, Hospedaje y traslado para invitados y participantes.<\/strong><\/p>\n\n\n\n<p>15- Viaticos para Staff.<\/p>\n\n\n\n<p>16<strong>-Refuerzo de luces Rob\u00f3ticas y Staffa para controlarlas.<\/strong><\/p>\n\n\n\n<p>17<strong>-Impresi\u00f3n de 30 Lonas  Grandes Publicitarias para \u00a8Promoci\u00f3n y Difusi\u00f3n del Evento.<\/strong><\/p>\n\n\n\n<p>18<strong>-Edecanes.<\/strong><\/p>\n\n\n\n<p>19- <strong>10<\/strong> Banners de Tela.<\/p>\n\n\n\n<p>20-Vi\u00e1tico Presentadora para las 6 Presentaciones.<\/p>\n\n\n\n<p>20- Renta de 4 Pantallas por 3 D\u00edas.<\/p>\n\n\n\n<p>21- Renta de Set de Luces por 3 Dias.<\/p>\n\n\n\n<div class=\"wp-block-buttons is-layout-flex wp-block-buttons-is-layout-flex\">\n<div class=\"wp-block-button\"><a class=\"wp-block-button__link wp-element-button\" href=\"https:\/\/oliverruiz.com.mx\/index.php\/beneficios-especiales-de-los-patrocinadores-oficiales\/\" target=\"_blank\" rel=\"noreferrer noopener\"><strong><em>Obt\u00e9n Beneficios Especiales de los Patrocinadores Oficiales.   <\/em><\/strong><\/a><\/div>\n\n\n\n<div class=\"wp-block-button\"><a class=\"wp-block-button__link wp-element-button\" href=\"https:\/\/oliverruiz.com.mx\/index.php\/invitacion-especial-para-participar-en-la-exposicion-de-arte-internacional-expresate-sin-miedo-atizapan-de-zaragoza\/\" target=\"_blank\" rel=\"noreferrer noopener\"><strong><em>Soy Artista y Quiero participar en la Exposici\u00f3n de Arte Internacional.<\/em><\/strong><\/a><\/div>\n\n\n\n<div class=\"wp-block-button\"><a class=\"wp-block-button__link wp-element-button\" href=\"https:\/\/oliverruiz.com.mx\/index.php\/plataformas-digitales-de-prestigio-y-redes-sociales-oficiales\/\" target=\"_blank\" rel=\"noreferrer noopener\"><strong><em>plataformas Digitales de Prestigio y redes Sociales Oficiales.<\/em><\/strong><\/a><\/div>\n\n\n\n<div class=\"wp-block-button\"><a class=\"wp-block-button__link wp-element-button\" href=\"https:\/\/oliverruiz.com.mx\/\" target=\"_blank\" rel=\"noreferrer noopener\"><strong><em>M\u00e1s Acerca de Oliver Ruiz Informaci\u00f3n Detallada.<\/em><\/strong><\/a><\/div>\n\n\n\n<div class=\"wp-block-button\"><a class=\"wp-block-button__link wp-element-button\" href=\"https:\/\/oliverruiz.com.mx\/index.php\/oliver-ruiz-contacto-oficial\/\" target=\"_blank\" rel=\"noreferrer noopener\"><strong><em>Contacto.<\/em><\/strong><\/a><\/div>\n<\/div>\n\n\n\n<p class=\"has-text-align-center\"><strong> <\/strong> <\/p>\n","protected":false},"excerpt":{"rendered":"<p>Muchas Gracias por ser Parte y Apoyar estas Magnas Presentaciones con Causa y de Car\u00e1cter No Lucrativo a Favor de la Sociedad. En Agradecimiento a su Apoyo y Ayuda su<\/p>\n<p class=\"more-link\"><a href=\"https:\/\/oliverruiz.com.mx\/index.php\/beneficios-especiales-para-patrocinadores-y-aliados-comerciales-en-magnas-presentaciones-expresate-sin-miedo-atizapan-2024\/\" class=\"readmore\">Seguir leyendo<svg class=\"icon icon-arrow-right\" aria-hidden=\"true\" role=\"img\"> <use href=\"#icon-arrow-right\" xlink:href=\"#icon-arrow-right\"><\/use> <\/svg><span class=\"screen-reader-text\">Beneficios Especiales Para Patrocinadores Y Aliados Comerciales En Magnas Presentaciones Expr\u00e9sate Sin Miedo Atizap\u00e1n 2024<\/span><\/a><\/p>\n","protected":false},"author":1,"featured_media":0,"parent":0,"menu_order":0,"comment_status":"closed","ping_status":"closed","template":"","meta":{"footnotes":""},"class_list":["post-6224","page","type-page","status-publish","hentry"],"_links":{"self":[{"href":"https:\/\/oliverruiz.com.mx\/index.php\/wp-json\/wp\/v2\/pages\/6224","targetHints":{"allow":["GET"]}}],"collection":[{"href":"https:\/\/oliverruiz.com.mx\/index.php\/wp-json\/wp\/v2\/pages"}],"about":[{"href":"https:\/\/oliverruiz.com.mx\/index.php\/wp-json\/wp\/v2\/types\/page"}],"author":[{"embeddable":true,"href":"https:\/\/oliverruiz.com.mx\/index.php\/wp-json\/wp\/v2\/users\/1"}],"replies":[{"embeddable":true,"href":"https:\/\/oliverruiz.com.mx\/index.php\/wp-json\/wp\/v2\/comments?post=6224"}],"version-history":[{"count":58,"href":"https:\/\/oliverruiz.com.mx\/index.php\/wp-json\/wp\/v2\/pages\/6224\/revisions"}],"predecessor-version":[{"id":10505,"href":"https:\/\/oliverruiz.com.mx\/index.php\/wp-json\/wp\/v2\/pages\/6224\/revisions\/10505"}],"wp:attachment":[{"href":"https:\/\/oliverruiz.com.mx\/index.php\/wp-json\/wp\/v2\/media?parent=6224"}],"curies":[{"name":"wp","href":"https:\/\/api.w.org\/{rel}","templated":true}]}}