{"id":4462,"date":"2023-02-03T22:55:52","date_gmt":"2023-02-03T22:55:52","guid":{"rendered":"https:\/\/oliverruiz.com.mx\/?page_id=4462"},"modified":"2025-11-28T06:50:10","modified_gmt":"2025-11-28T06:50:10","slug":"proceso-de-produccion-y-elaboracion-de-podcast-articulo-capsula-entrevista-reportaje-boletin-y-revista-coleccionable","status":"publish","type":"page","link":"https:\/\/oliverruiz.com.mx\/index.php\/proceso-de-produccion-y-elaboracion-de-podcast-articulo-capsula-entrevista-reportaje-boletin-y-revista-coleccionable\/","title":{"rendered":"PROCESO DE PRODUCCI\u00d3N Y ELABORACI\u00d3N DE P\u00d3DCAST, ART\u00cdCULO, C\u00c1PSULA, ENTREVISTA, REPORTAJE, BOLET\u00cdN Y REVISTA COLECCIONABLE."},"content":{"rendered":"\n<h4 class=\"wp-block-heading has-text-align-center\"><strong><em>Radio, TV, Revista Digital, Bolet\u00edn, Plataformas Digitales de Prestigio, Redes Sociales y Mucho M\u00e1s .<\/em><\/strong>..<\/h4>\n\n\n\n<h4 class=\"wp-block-heading has-text-align-center\"><strong>No te pierdas Noticias, C\u00e1psulas, Reportajes, Art\u00edculos, Contenido Especial, Entrevistas y Muchas Sorpresas<\/strong> <strong>M\u00e1s<\/strong> &#8230; <\/h4>\n\n\n\n<h5 class=\"wp-block-heading has-text-align-center\"><strong><em>NUEVA TEMPORADA 202<\/em>4:<\/strong><\/h5>\n\n\n\n<h5 class=\"wp-block-heading has-text-align-center\">\u00ab<strong><em>EN CONTACTO CON OLIVER RU\u00cdZ Y PORTAL DE NOTICIAS INTERNACIONALES\u00bb <\/em><\/strong><\/h5>\n\n\n\n<h6 class=\"wp-block-heading\">Conozca nuestra calidad, profesionalismo y servicio 100 % sin fines de lucro que ponemos a sus ordenes al ser invitado a nuestro programa<strong><em>.<\/em><\/strong><\/h6>\n\n\n\n<h4 class=\"wp-block-heading has-text-align-center\">Ver Ejemplos de Algunos Reportajes:<\/h4>\n\n\n\n<figure class=\"wp-block-image size-large\"><a href=\"https:\/\/oliverruiz.com.mx\/index.php\/nueva-temporada-con-bose\/\" target=\"_blank\" rel=\"noreferrer noopener\"><img loading=\"lazy\" decoding=\"async\" width=\"1024\" height=\"576\" src=\"https:\/\/oliverruiz.com.mx\/wp-content\/uploads\/2024\/04\/Diapositiva1-1024x576.jpg\" alt=\"\" class=\"wp-image-7008\" srcset=\"https:\/\/oliverruiz.com.mx\/wp-content\/uploads\/2024\/04\/Diapositiva1-1024x576.jpg 1024w, https:\/\/oliverruiz.com.mx\/wp-content\/uploads\/2024\/04\/Diapositiva1-300x169.jpg 300w, https:\/\/oliverruiz.com.mx\/wp-content\/uploads\/2024\/04\/Diapositiva1-768x432.jpg 768w, https:\/\/oliverruiz.com.mx\/wp-content\/uploads\/2024\/04\/Diapositiva1.jpg 1280w\" sizes=\"auto, (max-width: 1024px) 100vw, 1024px\" \/><\/a><figcaption class=\"wp-element-caption\"><strong><a href=\"https:\/\/oliverruiz.com.mx\/index.php\/nueva-temporada-con-bose\/\" data-type=\"link\" data-id=\"https:\/\/oliverruiz.com.mx\/index.php\/nueva-temporada-con-bose\/\" target=\"_blank\" rel=\"noreferrer noopener\">Oliver Ruiz Estrena Nueva Temporada Con: \u00abBOSE\u00bb Ver Reportaje<\/a><\/strong> <a href=\"https:\/\/oliverruiz.com.mx\/index.php\/nueva-temporada-con-bose\/\" data-type=\"link\" data-id=\"https:\/\/oliverruiz.com.mx\/index.php\/nueva-temporada-con-bose\/\" target=\"_blank\" rel=\"noreferrer noopener\">AQU\u00cd<\/a><\/figcaption><\/figure>\n\n\n<div class=\"wp-block-image\">\n<figure class=\"aligncenter size-full\"><a href=\"https:\/\/oliverruiz.com.mx\/index.php\/exclusiva-con-birka-food\/\" target=\"_blank\" rel=\"noreferrer noopener\"><img loading=\"lazy\" decoding=\"async\" width=\"960\" height=\"840\" src=\"https:\/\/oliverruiz.com.mx\/wp-content\/uploads\/2023\/02\/Oliver-Ruiz-Articulo-Especial-de-Birka-Food-Portada-Oficial.jpg\" alt=\"\" class=\"wp-image-4549\" srcset=\"https:\/\/oliverruiz.com.mx\/wp-content\/uploads\/2023\/02\/Oliver-Ruiz-Articulo-Especial-de-Birka-Food-Portada-Oficial.jpg 960w, https:\/\/oliverruiz.com.mx\/wp-content\/uploads\/2023\/02\/Oliver-Ruiz-Articulo-Especial-de-Birka-Food-Portada-Oficial-300x263.jpg 300w, https:\/\/oliverruiz.com.mx\/wp-content\/uploads\/2023\/02\/Oliver-Ruiz-Articulo-Especial-de-Birka-Food-Portada-Oficial-768x672.jpg 768w\" sizes=\"auto, (max-width: 960px) 100vw, 960px\" \/><\/a><figcaption class=\"wp-element-caption\">Ver Reportaje Completo: <strong><em><a rel=\"noreferrer noopener\" href=\"https:\/\/oliverruiz.com.mx\/index.php\/exclusiva-con-birka-food\/\" data-type=\"URL\" data-id=\"https:\/\/oliverruiz.com.mx\/index.php\/exclusiva-con-birka-food\/\" target=\"_blank\">Aqu\u00ed<\/a><\/em><\/strong><\/figcaption><\/figure>\n<\/div>\n\n<div class=\"wp-block-image\">\n<figure class=\"aligncenter size-large is-resized\"><a href=\"https:\/\/oliverruiz.com.mx\/index.php\/exhibicion-de-las-galaxias\/\" target=\"_blank\" rel=\"noreferrer noopener\"><img loading=\"lazy\" decoding=\"async\" width=\"1024\" height=\"768\" src=\"https:\/\/oliverruiz.com.mx\/wp-content\/uploads\/2023\/01\/FB_IMG_1674538043476-1-1024x768.jpg\" alt=\"\" class=\"wp-image-4009\" style=\"aspect-ratio:1.336;width:633px;height:auto\" srcset=\"https:\/\/oliverruiz.com.mx\/wp-content\/uploads\/2023\/01\/FB_IMG_1674538043476-1-1024x768.jpg 1024w, https:\/\/oliverruiz.com.mx\/wp-content\/uploads\/2023\/01\/FB_IMG_1674538043476-1-300x225.jpg 300w, https:\/\/oliverruiz.com.mx\/wp-content\/uploads\/2023\/01\/FB_IMG_1674538043476-1-768x576.jpg 768w, https:\/\/oliverruiz.com.mx\/wp-content\/uploads\/2023\/01\/FB_IMG_1674538043476-1-124x93.jpg 124w, https:\/\/oliverruiz.com.mx\/wp-content\/uploads\/2023\/01\/FB_IMG_1674538043476-1.jpg 1280w\" sizes=\"auto, (max-width: 1024px) 100vw, 1024px\" \/><\/a><figcaption class=\"wp-element-caption\">Ver Reportaje Completo <strong><em><a rel=\"noreferrer noopener\" href=\"https:\/\/oliverruiz.com.mx\/index.php\/exhibicion-de-las-galaxias\/\" data-type=\"URL\" data-id=\"https:\/\/oliverruiz.com.mx\/index.php\/exhibicion-de-las-galaxias\/\" target=\"_blank\">Aqu\u00ed<\/a><\/em><\/strong><\/figcaption><\/figure>\n<\/div>\n\n<div class=\"wp-block-image\">\n<figure class=\"aligncenter size-full\"><a href=\"https:\/\/oliverruiz.com.mx\/index.php\/rueda-de-prensa-festival-internacional-lo-mejor-de-mexico-y-el-mundo-2022\/\" target=\"_blank\" rel=\"noreferrer noopener\"><img loading=\"lazy\" decoding=\"async\" width=\"914\" height=\"405\" src=\"https:\/\/oliverruiz.com.mx\/wp-content\/uploads\/2023\/01\/FB_IMG_1670438010781.jpg\" alt=\"\" class=\"wp-image-2929\" srcset=\"https:\/\/oliverruiz.com.mx\/wp-content\/uploads\/2023\/01\/FB_IMG_1670438010781.jpg 914w, https:\/\/oliverruiz.com.mx\/wp-content\/uploads\/2023\/01\/FB_IMG_1670438010781-300x133.jpg 300w, https:\/\/oliverruiz.com.mx\/wp-content\/uploads\/2023\/01\/FB_IMG_1670438010781-768x340.jpg 768w\" sizes=\"auto, (max-width: 914px) 100vw, 914px\" \/><\/a><figcaption class=\"wp-element-caption\"><strong><a rel=\"noreferrer noopener\" href=\"https:\/\/oliverruiz.com.mx\/index.php\/rueda-de-prensa-festival-internacional-lo-mejor-de-mexico-y-el-mundo-2022\/\" target=\"_blank\">Festival Internacional lo Mejor de M\u00e9xico y el Mundo 2022&#8243;.<\/a><\/strong> <em>Para Ver Informaci\u00f3n Detallada Da Clic<\/em> <strong><em><a rel=\"noreferrer noopener\" href=\"https:\/\/oliverruiz.com.mx\/index.php\/rueda-de-prensa-festival-internacional-lo-mejor-de-mexico-y-el-mundo-2022\/\" data-type=\"page\" data-id=\"1507\" target=\"_blank\">Aqui<\/a><\/em><\/strong><\/figcaption><\/figure>\n<\/div>\n\n\n<h4 class=\"wp-block-heading has-text-align-center\">Plataformas Digitales de Prestigio:<\/h4>\n\n\n<div class=\"wp-block-image\">\n<figure class=\"aligncenter size-full\"><img loading=\"lazy\" decoding=\"async\" width=\"950\" height=\"556\" src=\"https:\/\/oliverruiz.com.mx\/wp-content\/uploads\/2023\/07\/FB_IMG_1688868619285_edit_95376721169917.jpg\" alt=\"\" class=\"wp-image-5080\" srcset=\"https:\/\/oliverruiz.com.mx\/wp-content\/uploads\/2023\/07\/FB_IMG_1688868619285_edit_95376721169917.jpg 950w, https:\/\/oliverruiz.com.mx\/wp-content\/uploads\/2023\/07\/FB_IMG_1688868619285_edit_95376721169917-300x176.jpg 300w, https:\/\/oliverruiz.com.mx\/wp-content\/uploads\/2023\/07\/FB_IMG_1688868619285_edit_95376721169917-768x449.jpg 768w\" sizes=\"auto, (max-width: 950px) 100vw, 950px\" \/><\/figure>\n<\/div>\n\n\n<figure class=\"wp-block-embed is-type-rich is-provider-spotify wp-block-embed-spotify wp-embed-aspect-21-9 wp-has-aspect-ratio\"><div class=\"wp-block-embed__wrapper\">\n<iframe title=\"Spotify Embed: Oliver Ruiz Contenido Especial\" style=\"border-radius: 12px\" width=\"100%\" height=\"152\" frameborder=\"0\" allowfullscreen allow=\"autoplay; clipboard-write; encrypted-media; fullscreen; picture-in-picture\" loading=\"lazy\" src=\"https:\/\/open.spotify.com\/embed\/episode\/6QMzTERHxOLRCATokn3mQ1?si=KmKPU-hrTJyj0pmvCZLlSw&#038;utm_source=oembed\"><\/iframe>\n<\/div><\/figure>\n\n\n\n<figure class=\"wp-block-embed is-type-wp-embed is-provider-spreaker wp-block-embed-spreaker\"><div class=\"wp-block-embed__wrapper\">\n<iframe loading=\"lazy\" class=\"wp-embedded-content\" sandbox=\"allow-scripts\" security=\"restricted\" title=\"Oliver Ruiz De Todo Un Poco.\" src=\"https:\/\/widget.spreaker.com\/player?show_id=5771056&#038;theme=light&#038;cover_image_url=https%3A%2F%2Fd3wo5wojvuv7l.cloudfront.net%2Fimages.spreaker.com%2Foriginal%2F0d13226a24f424e4b5e54a6a93e429ac.jpg&#038;playlist=true#?secret=vAEBxhNSrt\" data-secret=\"vAEBxhNSrt\" width=\"920\" height=\"1000\" frameborder=\"0\"><\/iframe>\n<\/div><\/figure>\n\n\n<div class=\"wp-block-image\">\n<figure class=\"aligncenter size-large is-resized\"><a href=\"https:\/\/www.deezer.com\/show\/5642827\" target=\"_blank\" rel=\"noreferrer noopener\"><img loading=\"lazy\" decoding=\"async\" width=\"903\" height=\"1024\" src=\"https:\/\/oliverruiz.com.mx\/wp-content\/uploads\/2023\/01\/Screenshot_20230126_084258_com.huawei.browser_edit_285685706851719-903x1024.jpg\" alt=\"\" class=\"wp-image-4016\" style=\"width:513px;height:582px\" srcset=\"https:\/\/oliverruiz.com.mx\/wp-content\/uploads\/2023\/01\/Screenshot_20230126_084258_com.huawei.browser_edit_285685706851719-903x1024.jpg 903w, https:\/\/oliverruiz.com.mx\/wp-content\/uploads\/2023\/01\/Screenshot_20230126_084258_com.huawei.browser_edit_285685706851719-265x300.jpg 265w, https:\/\/oliverruiz.com.mx\/wp-content\/uploads\/2023\/01\/Screenshot_20230126_084258_com.huawei.browser_edit_285685706851719-768x871.jpg 768w, https:\/\/oliverruiz.com.mx\/wp-content\/uploads\/2023\/01\/Screenshot_20230126_084258_com.huawei.browser_edit_285685706851719.jpg 1200w\" sizes=\"auto, (max-width: 903px) 100vw, 903px\" \/><\/a><figcaption class=\"wp-element-caption\">Escucha <strong><em><a href=\"https:\/\/www.deezer.com\/show\/5642827\" data-type=\"URL\" data-id=\"https:\/\/www.deezer.com\/show\/5642827\" target=\"_blank\" rel=\"noreferrer noopener\">Aqui<\/a><\/em><\/strong><\/figcaption><\/figure>\n<\/div>\n\n<div class=\"wp-block-image\">\n<figure class=\"aligncenter size-full is-resized\"><a href=\"https:\/\/music.amazon.com\/podcasts\/a6176f2f-3095-477d-bb1f-341862b5a052\" target=\"_blank\" rel=\"noreferrer noopener\"><img loading=\"lazy\" decoding=\"async\" width=\"735\" height=\"831\" src=\"https:\/\/oliverruiz.com.mx\/wp-content\/uploads\/2024\/03\/WhatsApp-Image-2024-03-17-at-10.14.12-PM.jpeg\" alt=\"\" class=\"wp-image-6838\" style=\"width:501px;height:auto\" srcset=\"https:\/\/oliverruiz.com.mx\/wp-content\/uploads\/2024\/03\/WhatsApp-Image-2024-03-17-at-10.14.12-PM.jpeg 735w, https:\/\/oliverruiz.com.mx\/wp-content\/uploads\/2024\/03\/WhatsApp-Image-2024-03-17-at-10.14.12-PM-265x300.jpeg 265w\" sizes=\"auto, (max-width: 735px) 100vw, 735px\" \/><\/a><figcaption class=\"wp-element-caption\">Escucha <strong><em><a href=\"https:\/\/music.amazon.com\/podcasts\/a6176f2f-3095-477d-bb1f-341862b5a052\" data-type=\"link\" data-id=\"https:\/\/music.amazon.com\/podcasts\/a6176f2f-3095-477d-bb1f-341862b5a052\" target=\"_blank\" rel=\"noreferrer noopener\">Aqu\u00ed<\/a><\/em><\/strong><\/figcaption><\/figure>\n<\/div>\n\n<div class=\"wp-block-image\">\n<figure class=\"aligncenter size-large is-resized\"><a href=\"https:\/\/www.iheart.com\/podcast\/53-lanzamiento-especial-107664549\/\" target=\"_blank\" rel=\"noreferrer noopener\"><img loading=\"lazy\" decoding=\"async\" width=\"1024\" height=\"847\" src=\"https:\/\/oliverruiz.com.mx\/wp-content\/uploads\/2023\/01\/Screenshot_20230126_085309-1024x847.jpg\" alt=\"\" class=\"wp-image-4025\" style=\"width:504px;height:416px\" srcset=\"https:\/\/oliverruiz.com.mx\/wp-content\/uploads\/2023\/01\/Screenshot_20230126_085309-1024x847.jpg 1024w, https:\/\/oliverruiz.com.mx\/wp-content\/uploads\/2023\/01\/Screenshot_20230126_085309-300x248.jpg 300w, https:\/\/oliverruiz.com.mx\/wp-content\/uploads\/2023\/01\/Screenshot_20230126_085309-768x635.jpg 768w, https:\/\/oliverruiz.com.mx\/wp-content\/uploads\/2023\/01\/Screenshot_20230126_085309.jpg 1200w\" sizes=\"auto, (max-width: 1024px) 100vw, 1024px\" \/><\/a><figcaption class=\"wp-element-caption\">Escucha <strong><em><a href=\"https:\/\/www.iheart.com\/podcast\/53-lanzamiento-especial-107664549\/\" data-type=\"URL\" data-id=\"https:\/\/www.iheart.com\/podcast\/53-lanzamiento-especial-107664549\/\" target=\"_blank\" rel=\"noreferrer noopener\">Aqu\u00ed <\/a><\/em><\/strong><\/figcaption><\/figure>\n<\/div>\n\n<div class=\"wp-block-image\">\n<figure class=\"aligncenter size-large is-resized\"><a href=\"https:\/\/podcastaddict.com\/podcast\/4227771\" target=\"_blank\" rel=\"noreferrer noopener\"><img loading=\"lazy\" decoding=\"async\" width=\"639\" height=\"1024\" src=\"https:\/\/oliverruiz.com.mx\/wp-content\/uploads\/2023\/01\/Screenshot_20230126_090009-639x1024.jpg\" alt=\"\" class=\"wp-image-4028\" style=\"width:505px;height:auto\" srcset=\"https:\/\/oliverruiz.com.mx\/wp-content\/uploads\/2023\/01\/Screenshot_20230126_090009-639x1024.jpg 639w, https:\/\/oliverruiz.com.mx\/wp-content\/uploads\/2023\/01\/Screenshot_20230126_090009-187x300.jpg 187w, https:\/\/oliverruiz.com.mx\/wp-content\/uploads\/2023\/01\/Screenshot_20230126_090009-768x1231.jpg 768w, https:\/\/oliverruiz.com.mx\/wp-content\/uploads\/2023\/01\/Screenshot_20230126_090009-958x1536.jpg 958w, https:\/\/oliverruiz.com.mx\/wp-content\/uploads\/2023\/01\/Screenshot_20230126_090009.jpg 1200w\" sizes=\"auto, (max-width: 639px) 100vw, 639px\" \/><\/a><figcaption class=\"wp-element-caption\">Esc\u00fachame <em><strong><a href=\"https:\/\/podcastaddict.com\/podcast\/4227771\" data-type=\"URL\" data-id=\"https:\/\/podcastaddict.com\/podcast\/4227771\" target=\"_blank\" rel=\"noreferrer noopener\">Aqu\u00ed <\/a><\/strong><\/em><\/figcaption><\/figure>\n<\/div>\n\n<div class=\"wp-block-image\">\n<figure class=\"aligncenter size-large is-resized\"><a href=\"https:\/\/www.podchaser.com\/podcasts\/lanzamiento-especial-5084405\" target=\"_blank\" rel=\"noreferrer noopener\"><img loading=\"lazy\" decoding=\"async\" width=\"735\" height=\"1024\" src=\"https:\/\/oliverruiz.com.mx\/wp-content\/uploads\/2023\/01\/Screenshot_20230126_090511-735x1024.jpg\" alt=\"\" class=\"wp-image-4032\" style=\"width:502px;height:699px\" srcset=\"https:\/\/oliverruiz.com.mx\/wp-content\/uploads\/2023\/01\/Screenshot_20230126_090511-735x1024.jpg 735w, https:\/\/oliverruiz.com.mx\/wp-content\/uploads\/2023\/01\/Screenshot_20230126_090511-215x300.jpg 215w, https:\/\/oliverruiz.com.mx\/wp-content\/uploads\/2023\/01\/Screenshot_20230126_090511-768x1069.jpg 768w, https:\/\/oliverruiz.com.mx\/wp-content\/uploads\/2023\/01\/Screenshot_20230126_090511-1103x1536.jpg 1103w, https:\/\/oliverruiz.com.mx\/wp-content\/uploads\/2023\/01\/Screenshot_20230126_090511.jpg 1200w\" sizes=\"auto, (max-width: 735px) 100vw, 735px\" \/><\/a><figcaption class=\"wp-element-caption\">Escucha <strong><em><a href=\"https:\/\/www.podchaser.com\/podcasts\/lanzamiento-especial-5084405\" data-type=\"URL\" data-id=\"https:\/\/www.podchaser.com\/podcasts\/lanzamiento-especial-5084405\" target=\"_blank\" rel=\"noreferrer noopener\">Aqu\u00ed<\/a><\/em><\/strong> <\/figcaption><\/figure>\n<\/div>\n\n<div class=\"wp-block-image\">\n<figure class=\"aligncenter size-large is-resized\"><a href=\"https:\/\/www.jiosaavn.com\/shows\/Lanzamiento-Especial.\/1\/-R-WQvzr3X4_\" target=\"_blank\" rel=\"noreferrer noopener\"><img loading=\"lazy\" decoding=\"async\" width=\"908\" height=\"1024\" src=\"https:\/\/oliverruiz.com.mx\/wp-content\/uploads\/2023\/01\/Screenshot_20230126_090853-908x1024.jpg\" alt=\"\" class=\"wp-image-4035\" style=\"width:498px;height:auto\" srcset=\"https:\/\/oliverruiz.com.mx\/wp-content\/uploads\/2023\/01\/Screenshot_20230126_090853-908x1024.jpg 908w, https:\/\/oliverruiz.com.mx\/wp-content\/uploads\/2023\/01\/Screenshot_20230126_090853-266x300.jpg 266w, https:\/\/oliverruiz.com.mx\/wp-content\/uploads\/2023\/01\/Screenshot_20230126_090853-768x867.jpg 768w, https:\/\/oliverruiz.com.mx\/wp-content\/uploads\/2023\/01\/Screenshot_20230126_090853.jpg 1200w\" sizes=\"auto, (max-width: 908px) 100vw, 908px\" \/><\/a><figcaption class=\"wp-element-caption\">Escucha <em><strong><a rel=\"noreferrer noopener\" href=\"https:\/\/www.jiosaavn.com\/shows\/Lanzamiento-Especial.\/1\/-R-WQvzr3X4_\" data-type=\"URL\" data-id=\"https:\/\/www.jiosaavn.com\/shows\/Lanzamiento-Especial.\/1\/-R-WQvzr3X4_\" target=\"_blank\">Aqu\u00ed<\/a><\/strong><\/em><\/figcaption><\/figure>\n<\/div>\n\n\n<h2 class=\"wp-block-heading has-text-align-center\"><strong><em>MUY<\/em><\/strong> <em style=\"font-weight: bold;\">IMPORTANTE<\/em>:<\/h2>\n\n\n<div class=\"wp-block-image\">\n<figure class=\"aligncenter size-large\"><img loading=\"lazy\" decoding=\"async\" width=\"1024\" height=\"768\" src=\"https:\/\/oliverruiz.com.mx\/wp-content\/uploads\/2024\/03\/Proceso-Entrevista-capsulaetc1-1024x768.jpg\" alt=\"\" class=\"wp-image-6874\" srcset=\"https:\/\/oliverruiz.com.mx\/wp-content\/uploads\/2024\/03\/Proceso-Entrevista-capsulaetc1-1024x768.jpg 1024w, https:\/\/oliverruiz.com.mx\/wp-content\/uploads\/2024\/03\/Proceso-Entrevista-capsulaetc1-300x225.jpg 300w, https:\/\/oliverruiz.com.mx\/wp-content\/uploads\/2024\/03\/Proceso-Entrevista-capsulaetc1-768x576.jpg 768w, https:\/\/oliverruiz.com.mx\/wp-content\/uploads\/2024\/03\/Proceso-Entrevista-capsulaetc1-124x93.jpg 124w, https:\/\/oliverruiz.com.mx\/wp-content\/uploads\/2024\/03\/Proceso-Entrevista-capsulaetc1.jpg 1279w\" sizes=\"auto, (max-width: 1024px) 100vw, 1024px\" \/><\/figure>\n<\/div>\n\n<div class=\"wp-block-image\">\n<figure class=\"aligncenter size-large\"><img loading=\"lazy\" decoding=\"async\" width=\"1024\" height=\"768\" src=\"https:\/\/oliverruiz.com.mx\/wp-content\/uploads\/2023\/05\/Diapositiva2-1-1024x768.jpg\" alt=\"\" class=\"wp-image-4898\" srcset=\"https:\/\/oliverruiz.com.mx\/wp-content\/uploads\/2023\/05\/Diapositiva2-1-1024x768.jpg 1024w, https:\/\/oliverruiz.com.mx\/wp-content\/uploads\/2023\/05\/Diapositiva2-1-300x225.jpg 300w, https:\/\/oliverruiz.com.mx\/wp-content\/uploads\/2023\/05\/Diapositiva2-1-768x576.jpg 768w, https:\/\/oliverruiz.com.mx\/wp-content\/uploads\/2023\/05\/Diapositiva2-1-124x93.jpg 124w, https:\/\/oliverruiz.com.mx\/wp-content\/uploads\/2023\/05\/Diapositiva2-1.jpg 1278w\" sizes=\"auto, (max-width: 1024px) 100vw, 1024px\" \/><\/figure>\n<\/div>\n\n<div class=\"wp-block-image\">\n<figure class=\"aligncenter size-large\"><img loading=\"lazy\" decoding=\"async\" width=\"1024\" height=\"768\" src=\"https:\/\/oliverruiz.com.mx\/wp-content\/uploads\/2023\/12\/CARATULAS-2024-1024x768.jpg\" alt=\"\" class=\"wp-image-5307\" srcset=\"https:\/\/oliverruiz.com.mx\/wp-content\/uploads\/2023\/12\/CARATULAS-2024-1024x768.jpg 1024w, https:\/\/oliverruiz.com.mx\/wp-content\/uploads\/2023\/12\/CARATULAS-2024-300x225.jpg 300w, https:\/\/oliverruiz.com.mx\/wp-content\/uploads\/2023\/12\/CARATULAS-2024-768x576.jpg 768w, https:\/\/oliverruiz.com.mx\/wp-content\/uploads\/2023\/12\/CARATULAS-2024-124x93.jpg 124w, https:\/\/oliverruiz.com.mx\/wp-content\/uploads\/2023\/12\/CARATULAS-2024.jpg 1279w\" sizes=\"auto, (max-width: 1024px) 100vw, 1024px\" \/><\/figure>\n<\/div>\n\n\n<p><\/p>\n\n\n\n<h3 class=\"wp-block-heading has-text-align-center\"><strong>M U Y I M P O R T A N T E :<\/strong><\/h3>\n\n\n\n<h6 class=\"wp-block-heading\">*<strong>En caso de Requerir Comprobante de Gastos \u00abFactura\u00bb contamos con Dos Razones Sociales que Tenemos a su Disposici\u00f3n en Agradecimiento a su Apoyo Voluntario para poder Realizar estas Actividades 100 % Sin fines de lucro.<\/strong><\/h6>\n\n\n\n<blockquote class=\"wp-block-quote is-layout-flow wp-block-quote-is-layout-flow\">\n<p>Contacto:<br>Oliver Ruiz &#8211; Oliver Ra\u00fal Ruiz Preciado.<br>relaciones.publicas@oliverruiz.com.mx <\/p>\n<\/blockquote>\n\n\n\n<div class=\"wp-block-buttons is-layout-flex wp-block-buttons-is-layout-flex\">\n<div class=\"wp-block-button\"><a class=\"wp-block-button__link wp-element-button\" href=\"https:\/\/oliverruiz.com.mx\/\" target=\"_blank\" rel=\"noreferrer noopener\"><strong>M\u00e1s Acerca de Oliver Ruiz Informaci\u00f3n Detallada de su Trayectoria profesional.<\/strong><\/a><\/div>\n\n\n\n<div class=\"wp-block-button\"><a class=\"wp-block-button__link wp-element-button\" href=\"https:\/\/oliverruiz.com.mx\/index.php\/plataformas-digitales-de-prestigio-y-redes-sociales-oficiales\/\" target=\"_blank\" rel=\"noreferrer noopener\"><strong>Plataformas Digitales de Prestigio y Redes Sociales Oficiales<\/strong>.<\/a><\/div>\n\n\n\n<div class=\"wp-block-button\"><a class=\"wp-block-button__link wp-element-button\" href=\"https:\/\/oliverruiz.com.mx\/index.php\/entrega-de-placas-y-reconocimientos\/\" target=\"_blank\" rel=\"noreferrer noopener\"><strong>Entrega de Emblemas y Reconocimientos Internacionales a lo Mejor de M\u00e9xico y El Mundo<\/strong>.<\/a><\/div>\n\n\n\n<div class=\"wp-block-button\"><a class=\"wp-block-button__link wp-element-button\" href=\"https:\/\/oliverruiz.com.mx\/index.php\/portal-de-noticias-internacionales\/\" target=\"_blank\" rel=\"noreferrer noopener\"><strong>Portal de Noticias Internacionales<\/strong><\/a><\/div>\n\n\n\n<div class=\"wp-block-button\"><a class=\"wp-block-button__link wp-element-button\" href=\"https:\/\/oliverruiz.com.mx\/index.php\/prensa-y-entrevistas\/\" target=\"_blank\" rel=\"noreferrer noopener\">Prensa y Entrevistas<\/a><\/div>\n\n\n\n<div class=\"wp-block-button\"><a class=\"wp-block-button__link wp-element-button\" href=\"https:\/\/oliverruiz.com.mx\/index.php\/club-internacional-de-empresarios\/\" target=\"_blank\" rel=\"noreferrer noopener\">Club Internacional de Empresarios y Vinculaciones Especiales<\/a><\/div>\n\n\n\n<div class=\"wp-block-button\"><a class=\"wp-block-button__link wp-element-button\" href=\"https:\/\/oliverruiz.com.mx\/index.php\/catalogo-de-conferencias\/\" target=\"_blank\" rel=\"noreferrer noopener\"><strong>Cat\u00e1logo de Conferencias<\/strong> Para Capacitaci\u00f3n, Congresos, Cursos, Diplomados, etc.<\/a><\/div>\n\n\n\n<div class=\"wp-block-button\"><a class=\"wp-block-button__link wp-element-button\" href=\"https:\/\/oliverruiz.com.mx\/index.php\/centros-de-capacitacion\/\" target=\"_blank\" rel=\"noreferrer noopener\">Centros de Capacitaci\u00f3n<\/a><\/div>\n\n\n\n<div class=\"wp-block-button\"><a class=\"wp-block-button__link wp-element-button\" href=\"https:\/\/oliverruiz.com.mx\/index.php\/testimonios-especiales\/\" target=\"_blank\" rel=\"noreferrer noopener\">Testimonios<\/a><\/div>\n\n\n\n<div class=\"wp-block-button\"><a class=\"wp-block-button__link wp-element-button\" href=\"https:\/\/oliverruiz.com.mx\/index.php\/ministerio\/\" target=\"_blank\" rel=\"noreferrer noopener\">Ministerio<\/a><\/div>\n\n\n\n<div class=\"wp-block-button\"><a class=\"wp-block-button__link wp-element-button\" href=\"https:\/\/oliverruiz.com.mx\/index.php\/frases-y-pensamientos\/\" target=\"_blank\" rel=\"noreferrer noopener\"><strong>FRASES, PENSAMIENTOS, POEMAS, REFLEXIONES Y MUCHO M\u00c1S\u2026<\/strong><\/a><\/div>\n\n\n\n<div class=\"wp-block-button\"><a class=\"wp-block-button__link wp-element-button\" href=\"https:\/\/oliverruiz.com.mx\/index.php\/tienda-de-arte-internacional\/\" target=\"_blank\" rel=\"noreferrer noopener\">Tienda de Arte Internacional<\/a><\/div>\n\n\n\n<div class=\"wp-block-button\"><a class=\"wp-block-button__link wp-element-button\" href=\"https:\/\/oliverruiz.com.mx\/index.php\/recuperando-a-mexico-a-c\/\" target=\"_blank\" rel=\"noreferrer noopener\">Recuperando a M\u00e9xico A.C.<\/a><\/div>\n\n\n\n<div class=\"wp-block-button\"><a class=\"wp-block-button__link wp-element-button\" href=\"https:\/\/oliverruiz.com.mx\/index.php\/empresa\/\" target=\"_blank\" rel=\"noreferrer noopener\">Empresa<\/a><\/div>\n<\/div>\n\n\n\n<p class=\"has-text-align-center\"><strong>Copyright \u00a9 2025 Oliver Ruiz.<br>Copyright \u00a9 2025 Oliver Ra\u00fal Ruiz Preciado.<\/strong><\/p>\n","protected":false},"excerpt":{"rendered":"<p>Radio, TV, Revista Digital, Bolet\u00edn, Plataformas Digitales de Prestigio, Redes Sociales y Mucho M\u00e1s &#8230; No te pierdas Noticias, C\u00e1psulas, Reportajes, Art\u00edculos, Contenido Especial, Entrevistas y Muchas Sorpresas M\u00e1s &#8230;<\/p>\n<p class=\"more-link\"><a href=\"https:\/\/oliverruiz.com.mx\/index.php\/proceso-de-produccion-y-elaboracion-de-podcast-articulo-capsula-entrevista-reportaje-boletin-y-revista-coleccionable\/\" class=\"readmore\">Seguir leyendo<svg class=\"icon icon-arrow-right\" aria-hidden=\"true\" role=\"img\"> <use href=\"#icon-arrow-right\" xlink:href=\"#icon-arrow-right\"><\/use> <\/svg><span class=\"screen-reader-text\">PROCESO DE PRODUCCI\u00d3N Y ELABORACI\u00d3N DE P\u00d3DCAST, ART\u00cdCULO, C\u00c1PSULA, ENTREVISTA, REPORTAJE, BOLET\u00cdN Y REVISTA COLECCIONABLE.<\/span><\/a><\/p>\n","protected":false},"author":1,"featured_media":0,"parent":0,"menu_order":0,"comment_status":"closed","ping_status":"closed","template":"","meta":{"footnotes":""},"class_list":["post-4462","page","type-page","status-publish","hentry"],"_links":{"self":[{"href":"https:\/\/oliverruiz.com.mx\/index.php\/wp-json\/wp\/v2\/pages\/4462","targetHints":{"allow":["GET"]}}],"collection":[{"href":"https:\/\/oliverruiz.com.mx\/index.php\/wp-json\/wp\/v2\/pages"}],"about":[{"href":"https:\/\/oliverruiz.com.mx\/index.php\/wp-json\/wp\/v2\/types\/page"}],"author":[{"embeddable":true,"href":"https:\/\/oliverruiz.com.mx\/index.php\/wp-json\/wp\/v2\/users\/1"}],"replies":[{"embeddable":true,"href":"https:\/\/oliverruiz.com.mx\/index.php\/wp-json\/wp\/v2\/comments?post=4462"}],"version-history":[{"count":83,"href":"https:\/\/oliverruiz.com.mx\/index.php\/wp-json\/wp\/v2\/pages\/4462\/revisions"}],"predecessor-version":[{"id":13642,"href":"https:\/\/oliverruiz.com.mx\/index.php\/wp-json\/wp\/v2\/pages\/4462\/revisions\/13642"}],"wp:attachment":[{"href":"https:\/\/oliverruiz.com.mx\/index.php\/wp-json\/wp\/v2\/media?parent=4462"}],"curies":[{"name":"wp","href":"https:\/\/api.w.org\/{rel}","templated":true}]}}