{"id":1743,"date":"2022-12-24T21:13:26","date_gmt":"2022-12-24T21:13:26","guid":{"rendered":"https:\/\/oliverruiz.com.mx\/?page_id=1743"},"modified":"2022-12-31T23:26:22","modified_gmt":"2022-12-31T23:26:22","slug":"venta-y-renta-de-caballetes","status":"publish","type":"page","link":"https:\/\/oliverruiz.com.mx\/index.php\/venta-y-renta-de-caballetes\/","title":{"rendered":"Venta y Renta de Caballetes"},"content":{"rendered":"\n<p><strong>Contamos con Renta y Venta de caballetes de buena calidad  para Artistas que necesitan montar sus obras para exposiciones y eventos especiales.<\/strong><\/p>\n\n\n\n<p>Contamos con 3 Tama\u00f1os a elegir de caballetes Grende, Mediano y Peque\u00f1o.<\/p>\n\n\n\n<div class=\"alignwide\"><div id=\"metaslider-id-2283\" style=\"width: 100%;\" class=\"ml-slider-3-108-0 metaslider metaslider-flex metaslider-2283 ml-slider has-dots-nav ms-theme-default\" role=\"region\" aria-label=\"VENTA Y RENTA DE CABALLETES\" data-height=\"300\" data-width=\"700\">\n    <div id=\"metaslider_container_2283\">\n        <div id=\"metaslider_2283\">\n            <ul class='slides'>\n                <li style=\"display: block; width: 100%;\" class=\"slide-2296 ms-image \" aria-roledescription=\"slide\" data-date=\"2022-12-31 23:21:39\" data-filename=\"FB_IMG_1670786413850_edit_82570669369691.jpg\" data-slide-type=\"image\"><img loading=\"lazy\" decoding=\"async\" width=\"1908\" height=\"1794\" src=\"https:\/\/oliverruiz.com.mx\/wp-content\/uploads\/2022\/12\/FB_IMG_1670786413850_edit_82570669369691.jpg\" class=\"slider-2283 slide-2296 msDefaultImage\" alt=\"\" rel=\"\" title=\"FB_IMG_1670786413850_edit_82570669369691\" srcset=\"https:\/\/oliverruiz.com.mx\/wp-content\/uploads\/2022\/12\/FB_IMG_1670786413850_edit_82570669369691.jpg 1908w, https:\/\/oliverruiz.com.mx\/wp-content\/uploads\/2022\/12\/FB_IMG_1670786413850_edit_82570669369691-300x282.jpg 300w, https:\/\/oliverruiz.com.mx\/wp-content\/uploads\/2022\/12\/FB_IMG_1670786413850_edit_82570669369691-1024x963.jpg 1024w, https:\/\/oliverruiz.com.mx\/wp-content\/uploads\/2022\/12\/FB_IMG_1670786413850_edit_82570669369691-768x722.jpg 768w, https:\/\/oliverruiz.com.mx\/wp-content\/uploads\/2022\/12\/FB_IMG_1670786413850_edit_82570669369691-1536x1444.jpg 1536w\" sizes=\"auto, (max-width: 1908px) 100vw, 1908px\" \/><\/li>\n                <li style=\"display: none; width: 100%;\" class=\"slide-2297 ms-image \" aria-roledescription=\"slide\" data-date=\"2022-12-31 23:21:39\" data-filename=\"received_500495435296023_edit_82477496560851.jpg\" data-slide-type=\"image\"><img loading=\"lazy\" decoding=\"async\" width=\"1107\" height=\"1885\" src=\"https:\/\/oliverruiz.com.mx\/wp-content\/uploads\/2022\/12\/received_500495435296023_edit_82477496560851.jpg\" class=\"slider-2283 slide-2297 msDefaultImage\" alt=\"\" rel=\"\" title=\"received_500495435296023_edit_82477496560851\" srcset=\"https:\/\/oliverruiz.com.mx\/wp-content\/uploads\/2022\/12\/received_500495435296023_edit_82477496560851.jpg 1107w, https:\/\/oliverruiz.com.mx\/wp-content\/uploads\/2022\/12\/received_500495435296023_edit_82477496560851-176x300.jpg 176w, https:\/\/oliverruiz.com.mx\/wp-content\/uploads\/2022\/12\/received_500495435296023_edit_82477496560851-601x1024.jpg 601w, https:\/\/oliverruiz.com.mx\/wp-content\/uploads\/2022\/12\/received_500495435296023_edit_82477496560851-768x1308.jpg 768w, https:\/\/oliverruiz.com.mx\/wp-content\/uploads\/2022\/12\/received_500495435296023_edit_82477496560851-902x1536.jpg 902w\" sizes=\"auto, (max-width: 1107px) 100vw, 1107px\" \/><\/li>\n                <li style=\"display: none; width: 100%;\" class=\"slide-2298 ms-image \" aria-roledescription=\"slide\" data-date=\"2022-12-31 23:21:39\" data-filename=\"received_519158400192250_edit_82449923558251.jpg\" data-slide-type=\"image\"><img loading=\"lazy\" decoding=\"async\" width=\"888\" height=\"2016\" src=\"https:\/\/oliverruiz.com.mx\/wp-content\/uploads\/2022\/12\/received_519158400192250_edit_82449923558251.jpg\" class=\"slider-2283 slide-2298 msDefaultImage\" alt=\"\" rel=\"\" title=\"received_519158400192250_edit_82449923558251\" srcset=\"https:\/\/oliverruiz.com.mx\/wp-content\/uploads\/2022\/12\/received_519158400192250_edit_82449923558251.jpg 888w, https:\/\/oliverruiz.com.mx\/wp-content\/uploads\/2022\/12\/received_519158400192250_edit_82449923558251-132x300.jpg 132w, https:\/\/oliverruiz.com.mx\/wp-content\/uploads\/2022\/12\/received_519158400192250_edit_82449923558251-451x1024.jpg 451w, https:\/\/oliverruiz.com.mx\/wp-content\/uploads\/2022\/12\/received_519158400192250_edit_82449923558251-768x1744.jpg 768w, https:\/\/oliverruiz.com.mx\/wp-content\/uploads\/2022\/12\/received_519158400192250_edit_82449923558251-677x1536.jpg 677w\" sizes=\"auto, (max-width: 888px) 100vw, 888px\" \/><\/li>\n                <li style=\"display: none; width: 100%;\" class=\"slide-2299 ms-image \" aria-roledescription=\"slide\" data-date=\"2022-12-31 23:21:39\" data-filename=\"received_5807900102631889_edit_82433239722316.jpg\" data-slide-type=\"image\"><img loading=\"lazy\" decoding=\"async\" width=\"1150\" height=\"1993\" src=\"https:\/\/oliverruiz.com.mx\/wp-content\/uploads\/2022\/12\/received_5807900102631889_edit_82433239722316.jpg\" class=\"slider-2283 slide-2299 msDefaultImage\" alt=\"\" rel=\"\" title=\"received_5807900102631889_edit_82433239722316\" srcset=\"https:\/\/oliverruiz.com.mx\/wp-content\/uploads\/2022\/12\/received_5807900102631889_edit_82433239722316.jpg 1150w, https:\/\/oliverruiz.com.mx\/wp-content\/uploads\/2022\/12\/received_5807900102631889_edit_82433239722316-173x300.jpg 173w, https:\/\/oliverruiz.com.mx\/wp-content\/uploads\/2022\/12\/received_5807900102631889_edit_82433239722316-591x1024.jpg 591w, https:\/\/oliverruiz.com.mx\/wp-content\/uploads\/2022\/12\/received_5807900102631889_edit_82433239722316-768x1331.jpg 768w, https:\/\/oliverruiz.com.mx\/wp-content\/uploads\/2022\/12\/received_5807900102631889_edit_82433239722316-886x1536.jpg 886w\" sizes=\"auto, (max-width: 1150px) 100vw, 1150px\" \/><\/li>\n                <li style=\"display: none; width: 100%;\" class=\"slide-2300 ms-image \" aria-roledescription=\"slide\" data-date=\"2022-12-31 23:21:39\" data-filename=\"20221128_144736-scaled.jpg\" data-slide-type=\"image\"><img loading=\"lazy\" decoding=\"async\" width=\"1920\" height=\"2560\" src=\"https:\/\/oliverruiz.com.mx\/wp-content\/uploads\/2022\/12\/20221128_144736-scaled.jpg\" class=\"slider-2283 slide-2300 msDefaultImage\" alt=\"\" rel=\"\" title=\"20221128_144736\" srcset=\"https:\/\/oliverruiz.com.mx\/wp-content\/uploads\/2022\/12\/20221128_144736-scaled.jpg 1920w, https:\/\/oliverruiz.com.mx\/wp-content\/uploads\/2022\/12\/20221128_144736-225x300.jpg 225w, https:\/\/oliverruiz.com.mx\/wp-content\/uploads\/2022\/12\/20221128_144736-768x1024.jpg 768w, https:\/\/oliverruiz.com.mx\/wp-content\/uploads\/2022\/12\/20221128_144736-1152x1536.jpg 1152w, https:\/\/oliverruiz.com.mx\/wp-content\/uploads\/2022\/12\/20221128_144736-1536x2048.jpg 1536w\" sizes=\"auto, (max-width: 1920px) 100vw, 1920px\" \/><\/li>\n                <li style=\"display: none; width: 100%;\" class=\"slide-2301 ms-image \" aria-roledescription=\"slide\" data-date=\"2022-12-31 23:21:39\" data-filename=\"IMG_20220927_160414_edit_46770881189216.jpg\" data-slide-type=\"image\"><img loading=\"lazy\" decoding=\"async\" width=\"1635\" height=\"2121\" src=\"https:\/\/oliverruiz.com.mx\/wp-content\/uploads\/2022\/12\/IMG_20220927_160414_edit_46770881189216.jpg\" class=\"slider-2283 slide-2301 msDefaultImage\" alt=\"\" rel=\"\" title=\"dav\" srcset=\"https:\/\/oliverruiz.com.mx\/wp-content\/uploads\/2022\/12\/IMG_20220927_160414_edit_46770881189216.jpg 1635w, https:\/\/oliverruiz.com.mx\/wp-content\/uploads\/2022\/12\/IMG_20220927_160414_edit_46770881189216-231x300.jpg 231w, https:\/\/oliverruiz.com.mx\/wp-content\/uploads\/2022\/12\/IMG_20220927_160414_edit_46770881189216-789x1024.jpg 789w, https:\/\/oliverruiz.com.mx\/wp-content\/uploads\/2022\/12\/IMG_20220927_160414_edit_46770881189216-768x996.jpg 768w, https:\/\/oliverruiz.com.mx\/wp-content\/uploads\/2022\/12\/IMG_20220927_160414_edit_46770881189216-1184x1536.jpg 1184w, https:\/\/oliverruiz.com.mx\/wp-content\/uploads\/2022\/12\/IMG_20220927_160414_edit_46770881189216-1579x2048.jpg 1579w\" sizes=\"auto, (max-width: 1635px) 100vw, 1635px\" \/><\/li>\n                <li style=\"display: none; width: 100%;\" class=\"slide-2302 ms-image \" aria-roledescription=\"slide\" data-date=\"2022-12-31 23:21:39\" data-filename=\"IMG_20220927_160447_edit_46749277099116.jpg\" data-slide-type=\"image\"><img loading=\"lazy\" decoding=\"async\" width=\"1629\" height=\"2348\" src=\"https:\/\/oliverruiz.com.mx\/wp-content\/uploads\/2022\/12\/IMG_20220927_160447_edit_46749277099116.jpg\" class=\"slider-2283 slide-2302 msDefaultImage\" alt=\"\" rel=\"\" title=\"dav\" srcset=\"https:\/\/oliverruiz.com.mx\/wp-content\/uploads\/2022\/12\/IMG_20220927_160447_edit_46749277099116.jpg 1629w, https:\/\/oliverruiz.com.mx\/wp-content\/uploads\/2022\/12\/IMG_20220927_160447_edit_46749277099116-208x300.jpg 208w, https:\/\/oliverruiz.com.mx\/wp-content\/uploads\/2022\/12\/IMG_20220927_160447_edit_46749277099116-710x1024.jpg 710w, https:\/\/oliverruiz.com.mx\/wp-content\/uploads\/2022\/12\/IMG_20220927_160447_edit_46749277099116-768x1107.jpg 768w, https:\/\/oliverruiz.com.mx\/wp-content\/uploads\/2022\/12\/IMG_20220927_160447_edit_46749277099116-1066x1536.jpg 1066w, https:\/\/oliverruiz.com.mx\/wp-content\/uploads\/2022\/12\/IMG_20220927_160447_edit_46749277099116-1421x2048.jpg 1421w\" sizes=\"auto, (max-width: 1629px) 100vw, 1629px\" \/><\/li>\n                <li style=\"display: none; width: 100%;\" class=\"slide-2303 ms-image \" aria-roledescription=\"slide\" data-date=\"2022-12-31 23:21:39\" data-filename=\"IMG_20220927_160436_edit_46728274698077.jpg\" data-slide-type=\"image\"><img loading=\"lazy\" decoding=\"async\" width=\"1523\" height=\"1488\" src=\"https:\/\/oliverruiz.com.mx\/wp-content\/uploads\/2022\/12\/IMG_20220927_160436_edit_46728274698077.jpg\" class=\"slider-2283 slide-2303 msDefaultImage\" alt=\"\" rel=\"\" title=\"dav\" srcset=\"https:\/\/oliverruiz.com.mx\/wp-content\/uploads\/2022\/12\/IMG_20220927_160436_edit_46728274698077.jpg 1523w, https:\/\/oliverruiz.com.mx\/wp-content\/uploads\/2022\/12\/IMG_20220927_160436_edit_46728274698077-300x293.jpg 300w, https:\/\/oliverruiz.com.mx\/wp-content\/uploads\/2022\/12\/IMG_20220927_160436_edit_46728274698077-1024x1000.jpg 1024w, https:\/\/oliverruiz.com.mx\/wp-content\/uploads\/2022\/12\/IMG_20220927_160436_edit_46728274698077-768x750.jpg 768w, https:\/\/oliverruiz.com.mx\/wp-content\/uploads\/2022\/12\/IMG_20220927_160436_edit_46728274698077-50x50.jpg 50w\" sizes=\"auto, (max-width: 1523px) 100vw, 1523px\" \/><\/li>\n                <li style=\"display: none; width: 100%;\" class=\"slide-2304 ms-image \" aria-roledescription=\"slide\" data-date=\"2022-12-31 23:21:39\" data-filename=\"IMG_20220927_160426_edit_46697168427769.jpg\" data-slide-type=\"image\"><img loading=\"lazy\" decoding=\"async\" width=\"1615\" height=\"2046\" src=\"https:\/\/oliverruiz.com.mx\/wp-content\/uploads\/2022\/12\/IMG_20220927_160426_edit_46697168427769.jpg\" class=\"slider-2283 slide-2304 msDefaultImage\" alt=\"\" rel=\"\" title=\"dav\" srcset=\"https:\/\/oliverruiz.com.mx\/wp-content\/uploads\/2022\/12\/IMG_20220927_160426_edit_46697168427769.jpg 1615w, https:\/\/oliverruiz.com.mx\/wp-content\/uploads\/2022\/12\/IMG_20220927_160426_edit_46697168427769-237x300.jpg 237w, https:\/\/oliverruiz.com.mx\/wp-content\/uploads\/2022\/12\/IMG_20220927_160426_edit_46697168427769-808x1024.jpg 808w, https:\/\/oliverruiz.com.mx\/wp-content\/uploads\/2022\/12\/IMG_20220927_160426_edit_46697168427769-768x973.jpg 768w, https:\/\/oliverruiz.com.mx\/wp-content\/uploads\/2022\/12\/IMG_20220927_160426_edit_46697168427769-1212x1536.jpg 1212w\" sizes=\"auto, (max-width: 1615px) 100vw, 1615px\" \/><\/li>\n                <li style=\"display: none; width: 100%;\" class=\"slide-2305 ms-image \" aria-roledescription=\"slide\" data-date=\"2022-12-31 23:21:39\" data-filename=\"IMG_20220927_160421_edit_46661767327254.jpg\" data-slide-type=\"image\"><img loading=\"lazy\" decoding=\"async\" width=\"1840\" height=\"1915\" src=\"https:\/\/oliverruiz.com.mx\/wp-content\/uploads\/2022\/12\/IMG_20220927_160421_edit_46661767327254.jpg\" class=\"slider-2283 slide-2305 msDefaultImage\" alt=\"\" rel=\"\" title=\"dav\" srcset=\"https:\/\/oliverruiz.com.mx\/wp-content\/uploads\/2022\/12\/IMG_20220927_160421_edit_46661767327254.jpg 1840w, https:\/\/oliverruiz.com.mx\/wp-content\/uploads\/2022\/12\/IMG_20220927_160421_edit_46661767327254-288x300.jpg 288w, https:\/\/oliverruiz.com.mx\/wp-content\/uploads\/2022\/12\/IMG_20220927_160421_edit_46661767327254-984x1024.jpg 984w, https:\/\/oliverruiz.com.mx\/wp-content\/uploads\/2022\/12\/IMG_20220927_160421_edit_46661767327254-768x799.jpg 768w, https:\/\/oliverruiz.com.mx\/wp-content\/uploads\/2022\/12\/IMG_20220927_160421_edit_46661767327254-1476x1536.jpg 1476w\" sizes=\"auto, (max-width: 1840px) 100vw, 1840px\" \/><\/li>\n                <li style=\"display: none; width: 100%;\" class=\"slide-2306 ms-image \" aria-roledescription=\"slide\" data-date=\"2022-12-31 23:21:39\" data-filename=\"IMG-20221001-WA0002.jpg\" data-slide-type=\"image\"><img loading=\"lazy\" decoding=\"async\" width=\"593\" height=\"667\" src=\"https:\/\/oliverruiz.com.mx\/wp-content\/uploads\/2022\/12\/IMG-20221001-WA0002.jpg\" class=\"slider-2283 slide-2306 msDefaultImage\" alt=\"\" rel=\"\" title=\"IMG-20221001-WA0002\" srcset=\"https:\/\/oliverruiz.com.mx\/wp-content\/uploads\/2022\/12\/IMG-20221001-WA0002.jpg 593w, https:\/\/oliverruiz.com.mx\/wp-content\/uploads\/2022\/12\/IMG-20221001-WA0002-267x300.jpg 267w\" sizes=\"auto, (max-width: 593px) 100vw, 593px\" \/><\/li>\n                <li style=\"display: none; width: 100%;\" class=\"slide-2307 ms-image \" aria-roledescription=\"slide\" data-date=\"2022-12-31 23:21:39\" data-filename=\"received_936289567374453_edit_82552864843652-1.jpg\" data-slide-type=\"image\"><img loading=\"lazy\" decoding=\"async\" width=\"1166\" height=\"1991\" src=\"https:\/\/oliverruiz.com.mx\/wp-content\/uploads\/2022\/12\/received_936289567374453_edit_82552864843652-1.jpg\" class=\"slider-2283 slide-2307 msDefaultImage\" alt=\"\" rel=\"\" title=\"received_936289567374453_edit_82552864843652\" srcset=\"https:\/\/oliverruiz.com.mx\/wp-content\/uploads\/2022\/12\/received_936289567374453_edit_82552864843652-1.jpg 1166w, https:\/\/oliverruiz.com.mx\/wp-content\/uploads\/2022\/12\/received_936289567374453_edit_82552864843652-1-176x300.jpg 176w, https:\/\/oliverruiz.com.mx\/wp-content\/uploads\/2022\/12\/received_936289567374453_edit_82552864843652-1-600x1024.jpg 600w, https:\/\/oliverruiz.com.mx\/wp-content\/uploads\/2022\/12\/received_936289567374453_edit_82552864843652-1-768x1311.jpg 768w, https:\/\/oliverruiz.com.mx\/wp-content\/uploads\/2022\/12\/received_936289567374453_edit_82552864843652-1-900x1536.jpg 900w\" sizes=\"auto, (max-width: 1166px) 100vw, 1166px\" \/><\/li>\n            <\/ul>\n        <\/div>\n        \n    <\/div>\n<\/div><\/div>\n\n\n\n<p><strong>Si Requiere Venta o Renta de Caballete en la Rep\u00fablica Mexicana se lo podemos enviar m\u00e1s gastos de env\u00edo. <\/strong><\/p>\n\n\n\n<p>Para cotizar y solicitar su pedido al correo: <strong>relaciones.publicas@oliverruiz.com.mx <\/strong><\/p>\n","protected":false},"excerpt":{"rendered":"<p>Contamos con Renta y Venta de caballetes de buena calidad para Artistas que necesitan montar sus obras para exposiciones y eventos especiales. Contamos con 3 Tama\u00f1os a elegir de caballetes<\/p>\n<p class=\"more-link\"><a href=\"https:\/\/oliverruiz.com.mx\/index.php\/venta-y-renta-de-caballetes\/\" class=\"readmore\">Seguir leyendo<svg class=\"icon icon-arrow-right\" aria-hidden=\"true\" role=\"img\"> <use href=\"#icon-arrow-right\" xlink:href=\"#icon-arrow-right\"><\/use> <\/svg><span class=\"screen-reader-text\">Venta y Renta de Caballetes<\/span><\/a><\/p>\n","protected":false},"author":1,"featured_media":0,"parent":0,"menu_order":0,"comment_status":"closed","ping_status":"closed","template":"","meta":{"footnotes":""},"class_list":["post-1743","page","type-page","status-publish","hentry"],"_links":{"self":[{"href":"https:\/\/oliverruiz.com.mx\/index.php\/wp-json\/wp\/v2\/pages\/1743","targetHints":{"allow":["GET"]}}],"collection":[{"href":"https:\/\/oliverruiz.com.mx\/index.php\/wp-json\/wp\/v2\/pages"}],"about":[{"href":"https:\/\/oliverruiz.com.mx\/index.php\/wp-json\/wp\/v2\/types\/page"}],"author":[{"embeddable":true,"href":"https:\/\/oliverruiz.com.mx\/index.php\/wp-json\/wp\/v2\/users\/1"}],"replies":[{"embeddable":true,"href":"https:\/\/oliverruiz.com.mx\/index.php\/wp-json\/wp\/v2\/comments?post=1743"}],"version-history":[{"count":7,"href":"https:\/\/oliverruiz.com.mx\/index.php\/wp-json\/wp\/v2\/pages\/1743\/revisions"}],"predecessor-version":[{"id":2310,"href":"https:\/\/oliverruiz.com.mx\/index.php\/wp-json\/wp\/v2\/pages\/1743\/revisions\/2310"}],"wp:attachment":[{"href":"https:\/\/oliverruiz.com.mx\/index.php\/wp-json\/wp\/v2\/media?parent=1743"}],"curies":[{"name":"wp","href":"https:\/\/api.w.org\/{rel}","templated":true}]}}