{"id":10572,"date":"2024-10-17T05:54:50","date_gmt":"2024-10-17T05:54:50","guid":{"rendered":"https:\/\/oliverruiz.com.mx\/?page_id=10572"},"modified":"2024-10-19T04:24:54","modified_gmt":"2024-10-19T04:24:54","slug":"oliver-ruiz-formato-de-evaluacion-expresate-sin-miedo-atizapan-de-zaragoza-2024","status":"publish","type":"page","link":"https:\/\/oliverruiz.com.mx\/index.php\/oliver-ruiz-formato-de-evaluacion-expresate-sin-miedo-atizapan-de-zaragoza-2024\/","title":{"rendered":"Oliver Ruiz Formato de Evaluaci\u00f3n Expr\u00e9sate Sin Miedo Atizap\u00e1n de Zaragoza 2024"},"content":{"rendered":"\n<figure class=\"wp-block-image size-full\"><img loading=\"lazy\" decoding=\"async\" width=\"883\" height=\"816\" src=\"https:\/\/oliverruiz.com.mx\/wp-content\/uploads\/2024\/10\/Oliver-Ruiz-Banner-Frente.jpg\" alt=\"\" class=\"wp-image-10577\" srcset=\"https:\/\/oliverruiz.com.mx\/wp-content\/uploads\/2024\/10\/Oliver-Ruiz-Banner-Frente.jpg 883w, https:\/\/oliverruiz.com.mx\/wp-content\/uploads\/2024\/10\/Oliver-Ruiz-Banner-Frente-300x277.jpg 300w, https:\/\/oliverruiz.com.mx\/wp-content\/uploads\/2024\/10\/Oliver-Ruiz-Banner-Frente-768x710.jpg 768w\" sizes=\"auto, (max-width: 883px) 100vw, 883px\" \/><\/figure>\n\n\n\n<div data-wp-interactive=\"core\/file\" class=\"wp-block-file\"><object data-wp-bind--hidden=\"!state.hasPdfPreview\" hidden class=\"wp-block-file__embed\" data=\"https:\/\/oliverruiz.com.mx\/wp-content\/uploads\/2024\/10\/OLIVER-RUIZ-FORMATO-DE-EVALUACION-EXPRESATE-SIN-MIEDO-ATIZAPAN-20234-1.pdf\" type=\"application\/pdf\" style=\"width:100%;height:600px\" aria-label=\"Incrustado de OLIVER RUIZ FORMATO DE EVALUACION EXPRESATE SIN MIEDO ATIZAPAN 20234.\"><\/object><a id=\"wp-block-file--media-34486dce-a501-48e6-beb7-634aa31efd75\" href=\"https:\/\/oliverruiz.com.mx\/wp-content\/uploads\/2024\/10\/OLIVER-RUIZ-FORMATO-DE-EVALUACION-EXPRESATE-SIN-MIEDO-ATIZAPAN-20234-1.pdf\">OLIVER RUIZ FORMATO DE EVALUACION EXPRESATE SIN MIEDO ATIZAPAN 20234<\/a><a href=\"https:\/\/oliverruiz.com.mx\/wp-content\/uploads\/2024\/10\/OLIVER-RUIZ-FORMATO-DE-EVALUACION-EXPRESATE-SIN-MIEDO-ATIZAPAN-20234-1.pdf\" class=\"wp-block-file__button wp-element-button\" download aria-describedby=\"wp-block-file--media-34486dce-a501-48e6-beb7-634aa31efd75\">Descarga<\/a><\/div>\n\n\n\n<div class=\"wp-block-file\"><a id=\"wp-block-file--media-cd36ef5a-3718-4e82-b7f8-a13008a0abb3\" href=\"https:\/\/oliverruiz.com.mx\/wp-content\/uploads\/2024\/10\/OLIVER-RUIZ-FORMATO-DE-EVALUACION-EXPRESATE-SIN-MIEDO-ATIZAPAN-20234-2.ppt\">OLIVER RUIZ FORMATO DE EVALUACION EXPRESATE SIN MIEDO ATIZAPAN 20234<\/a><a href=\"https:\/\/oliverruiz.com.mx\/wp-content\/uploads\/2024\/10\/OLIVER-RUIZ-FORMATO-DE-EVALUACION-EXPRESATE-SIN-MIEDO-ATIZAPAN-20234-2.ppt\" class=\"wp-block-file__button wp-element-button\" download aria-describedby=\"wp-block-file--media-cd36ef5a-3718-4e82-b7f8-a13008a0abb3\">Descarga<\/a><\/div>\n\n\n\n<h5 class=\"wp-block-heading\">*-Env\u00eda Tu <mark style=\"background-color:rgba(0, 0, 0, 0);color:#ebd108\" class=\"has-inline-color\">Formato de Evaluaci\u00f3n<\/mark> Con tu N\u00famero de <mark style=\"background-color:rgba(0, 0, 0, 0);color:#e71010\" class=\"has-inline-color\">Folio<\/mark> de Tu \u00abAcceso\u00bb, <mark style=\"background-color:rgba(0, 0, 0, 0);color:#1f35e5\" class=\"has-inline-color\">Indicando <\/mark>el Dia y Horario al que Asististe, Al&nbsp;<strong><mark style=\"background-color:rgba(0, 0, 0, 0);color:#13e707\" class=\"has-inline-color\">WatsApp<\/mark><\/strong>&nbsp;<a href=\"https:\/\/wa.me\/message\/RQK3ZIFZWCVTP1\" target=\"_blank\" rel=\"noreferrer noopener\">+ 52 55 73 83 19 09.<\/a> *<\/h5>\n\n\n<div class=\"wp-block-image\">\n<figure class=\"aligncenter size-full is-resized\"><a href=\"https:\/\/wa.me\/message\/RQK3ZIFZWCVTP1 \" target=\"_blank\" rel=\"noreferrer noopener\"><img loading=\"lazy\" decoding=\"async\" width=\"475\" height=\"471\" src=\"https:\/\/oliverruiz.com.mx\/wp-content\/uploads\/2024\/02\/Imagen-de-WhatsApp-2024-02-20-a-las-21.12.51_20573aed.jpg\" alt=\"\" class=\"wp-image-6191\" style=\"width:175px;height:auto\" srcset=\"https:\/\/oliverruiz.com.mx\/wp-content\/uploads\/2024\/02\/Imagen-de-WhatsApp-2024-02-20-a-las-21.12.51_20573aed.jpg 475w, https:\/\/oliverruiz.com.mx\/wp-content\/uploads\/2024\/02\/Imagen-de-WhatsApp-2024-02-20-a-las-21.12.51_20573aed-300x297.jpg 300w, https:\/\/oliverruiz.com.mx\/wp-content\/uploads\/2024\/02\/Imagen-de-WhatsApp-2024-02-20-a-las-21.12.51_20573aed-150x150.jpg 150w, https:\/\/oliverruiz.com.mx\/wp-content\/uploads\/2024\/02\/Imagen-de-WhatsApp-2024-02-20-a-las-21.12.51_20573aed-140x140.jpg 140w, https:\/\/oliverruiz.com.mx\/wp-content\/uploads\/2024\/02\/Imagen-de-WhatsApp-2024-02-20-a-las-21.12.51_20573aed-50x50.jpg 50w, https:\/\/oliverruiz.com.mx\/wp-content\/uploads\/2024\/02\/Imagen-de-WhatsApp-2024-02-20-a-las-21.12.51_20573aed-80x80.jpg 80w\" sizes=\"auto, (max-width: 475px) 100vw, 475px\" \/><\/a><\/figure>\n<\/div>","protected":false},"excerpt":{"rendered":"<p>*-Env\u00eda Tu Formato de Evaluaci\u00f3n Con tu N\u00famero de Folio de Tu \u00abAcceso\u00bb, Indicando el Dia y Horario al que Asististe, Al&nbsp;WatsApp&nbsp;+ 52 55 73 83 19 09. *<\/p>\n","protected":false},"author":1,"featured_media":0,"parent":0,"menu_order":0,"comment_status":"closed","ping_status":"closed","template":"","meta":{"footnotes":""},"class_list":["post-10572","page","type-page","status-publish","hentry"],"_links":{"self":[{"href":"https:\/\/oliverruiz.com.mx\/index.php\/wp-json\/wp\/v2\/pages\/10572","targetHints":{"allow":["GET"]}}],"collection":[{"href":"https:\/\/oliverruiz.com.mx\/index.php\/wp-json\/wp\/v2\/pages"}],"about":[{"href":"https:\/\/oliverruiz.com.mx\/index.php\/wp-json\/wp\/v2\/types\/page"}],"author":[{"embeddable":true,"href":"https:\/\/oliverruiz.com.mx\/index.php\/wp-json\/wp\/v2\/users\/1"}],"replies":[{"embeddable":true,"href":"https:\/\/oliverruiz.com.mx\/index.php\/wp-json\/wp\/v2\/comments?post=10572"}],"version-history":[{"count":8,"href":"https:\/\/oliverruiz.com.mx\/index.php\/wp-json\/wp\/v2\/pages\/10572\/revisions"}],"predecessor-version":[{"id":10610,"href":"https:\/\/oliverruiz.com.mx\/index.php\/wp-json\/wp\/v2\/pages\/10572\/revisions\/10610"}],"wp:attachment":[{"href":"https:\/\/oliverruiz.com.mx\/index.php\/wp-json\/wp\/v2\/media?parent=10572"}],"curies":[{"name":"wp","href":"https:\/\/api.w.org\/{rel}","templated":true}]}}